{"id":1004,"date":"2017-10-30T20:23:45","date_gmt":"2017-10-30T19:23:45","guid":{"rendered":"https:\/\/www.santalba.com\/?page_id=1004"},"modified":"2017-10-30T20:26:20","modified_gmt":"2017-10-30T19:26:20","slug":"privacy-policy","status":"publish","type":"page","link":"https:\/\/www.santalba.com\/en\/privacy-policy","title":{"rendered":"Privacy policy"},"content":{"rendered":"<div id=\"pl-1004\"  class=\"panel-layout\" ><div class=\"container\"><div class=\"row\"><div id=\"pg-1004-0\"  class=\"panel-grid panel-no-style\" ><div id=\"pgc-1004-0-0\"  class=\"panel-grid-cell\" ><div id=\"panel-1004-0-0-0\" class=\"so-panel widget widget_sow-editor panel-first-child panel-last-child\" data-index=\"0\" ><div\n\t\t\t\n\t\t\tclass=\"so-widget-sow-editor so-widget-sow-editor-base\"\n\t\t\t\n\t\t>\n<div class=\"siteorigin-widget-tinymce textwidget\">\n\t<p>En el marco del cumplimiento de la legislaci\u00f3n vigente, recogida en la Ley Org\u00e1nica 15\/1999, de 13 de diciembre, sobre Protecci\u00f3n de Datos de Car\u00e1cter Personal (LOPD) y del Real Decreto 1720\/2007, de 21 de diciembre de desarrollo de la Ley Org\u00e1nica de Protecci\u00f3n de Datos, cuyo objeto es garantizar y proteger, en lo que concierne al tratamiento de los datos personales, las libertades y derechos fundamentales de las personas f\u00edsicas, y especialmente su honor e intimidad personal, Bodegas Santalba S.A. informa a los Usuarios de esta web que:<\/p>\n<p>Bodegas Santalba S.A. ha adoptado las medidas t\u00e9cnicas y organizativas necesarias para garantizar la seguridad de los datos, conforme a lo dispuesto en la mencionada normativa.<\/p>\n<p>Los Datos de Car\u00e1cter Personal, enviados a trav\u00e9s de los diversos formularios de la p\u00e1gina web o mediante correo electr\u00f3nico, ser\u00e1n tratados e incorporados a los correspondientes ficheros automatizados, propiedad de Bodegas Santalba S.A.<\/p>\n<p>En cada formulario de recogida de datos se informa convenientemente al titular de los extremos previstos en el art\u00edculo 5 de la LOPD.<\/p>\n<p>En concreto, le informamos:<\/p>\n<p>Que los datos recabados en el Registro de Usuarios de esta web son utilizados para la gesti\u00f3n de Usuarios de la misma y poder utilizar los distintos servicios (Ecommerce, boletin de novedades, etc.) que se ofrecen en la p\u00e1gina web.<\/p>\n<p>Que los datos recabados para la venta online de nuestros productos ser\u00e1n utilizados para la correcta gesti\u00f3n comercial y administrativa de los mismos.<\/p>\n<p>Adem\u00e1s de la finalidad mencionada en cada uno de los puntos anteriores, le indicamos como finalidad com\u00fan para todos ellos la de enviarle informaci\u00f3n sobre nuestros servicios, productos por cualquier medio (postal o electr\u00f3nico).<\/p>\n<p>El Usuario podr\u00e1, en todo momento, ejercitar los derechos reconocidos en la LOPD, de acceso, rectificaci\u00f3n, cancelaci\u00f3n y oposici\u00f3n Adem\u00e1s, en cualquier momento el cliente puede manifestar su deseo de NO recibir publicidad alguna. El ejercicio de los derechos puede realizarse por las siguientes v\u00edas:<\/p>\n<p>\u2022 Tel\u00e9fono: 34 941 304 231<\/p>\n<p>\u2022 E-mail: santalba@santalba.com<\/p>\n<p>\u2022 Direcci\u00f3n postal: Bodegas Santalba S.A., en Avenida de la Rioja S\/N, 26221 Gimileo La Rioja.<\/p>\n<p>Menores de edad<\/p>\n<p>Si el Usuario es menor de catorce a\u00f1os o incapaz, Bodegas Santalba S.A. advierte de la necesidad de contar con el consentimiento de sus padres, tutores o representantes legales para la comunicaci\u00f3n de sus datos personales a Bodegas Santalba S.A., por lo que Bodegas Santalba S.A. le ruega que, si est\u00e1 en ese caso, se abstenga de utilizar el servicio de correo electr\u00f3nico y que no se registre en ning\u00fan servicio o aplicaci\u00f3n de Bodegas Santalba S.A., salvo que cuente con el mencionado consentimiento, no siendo en otro caso Bodegas Santalba S.A. responsable de las actuaciones del menor o incapaz. Por otra parte, los padres, tutores o representantes legales ser\u00e1n considerados responsables de todos los actos realizados por los menores o incapaces a su cargo.<\/p>\n<p>Voluntariedad \u2013 Obligatoriedad<\/p>\n<p>A trav\u00e9s de su Web, SANTALBA no recoger\u00e1 ninguna informaci\u00f3n relativa a persona alguna (Nombre, direcci\u00f3n, empresa, n\u00famero telef\u00f3nico o direcci\u00f3n de correo electr\u00f3nico (\"informaci\u00f3n personal\"), a no ser que \u00e9sta, voluntariamente, decida proporcionarla (por ejemplo, a trav\u00e9s de los formularios de registro usuarios).<\/p>\n<p>Los campos de los formularios, en los que se hace constar su obligatoriedad, mediante la asignaci\u00f3n de un asterisco o de otra forma, se consideran absolutamente necesarios para prestar el servicio solicitado de tal forma que, de no rellenar todos ellos, no se llevar\u00e1 a cabo dicha prestaci\u00f3n. Se incluye en este caso el servicio de alta en la p\u00e1gina web.<\/p>\n<p>Registro de Usuario<\/p>\n<p>Los Usuarios pueden navegar libremente por el Sitio Web, pero deber\u00e1n estar registrados para poder realizar compras en la tienda online.<\/p>\n<p>Es necesario completar el formulario en todos los campos obligatorios con datos veraces, de manera exacta y precisa.<\/p>\n<p>BODEGAS SANTALBA podr\u00e1 proceder a verificar la identidad del Usuario y\/o de los datos consignados por \u00e9ste. No obstante lo cual, los Usuarios declaran bajo juramento que los datos personales proporcionados son verdaderos y exactos.<\/p>\n<p>BODEGAS SANTALBA no se responsabiliza de la veracidad o certeza de los datos facilitados por los Usuarios. Asimismo, BODEGAS SANTALBA se reserva el derecho de suspender temporal o definitivamente a los Usuarios en caso de incumplimiento de los T\u00e9rminos y Condiciones, as\u00ed como tambi\u00e9n de rechazar solicitudes.<\/p>\n<p>Veracidad de la informaci\u00f3n<\/p>\n<p>Toda la informaci\u00f3n que facilite el Usuario para ser publicada en el Sitio Web a trav\u00e9s de sus diferentes servicios, deber\u00e1 ser veraz, exacta, responsable y en ning\u00fan caso en nombre de terceros. A estos efectos, el Usuario garantiza la autenticidad de todos aquellos datos que comunique como consecuencia de la cumplimentaci\u00f3n de los formularios necesarios para la suscripci\u00f3n de los Servicios. De igual forma, ser\u00e1 responsabilidad del Usuario mantener toda la informaci\u00f3n facilitada a Bodegas Santalba S.A. permanentemente actualizada, de forma que responda en cada momento a la situaci\u00f3n real del Usuario. En todo caso, el Usuario ser\u00e1 el \u00fanico responsable de las manifestaciones falsas o inexactas que realice y de los perjuicios que pueda originar a Bodegas Santalba S.A. o a terceros por la informaci\u00f3n que facilite.<\/p>\n<p>Informaci\u00f3n sobre la utilizaci\u00f3n de cookies<\/p>\n<p>En esta Web pueden estar utiliz\u00e1ndose cookies en algunas p\u00e1ginas. La finalidad de dichas cookies es mejorar el servicio que ofrecen a sus clientes y a nuestros visitantes. Las cookies son peque\u00f1os ficheros de datos que se generan en el ordenador del Usuario y que permiten obtener la siguiente informaci\u00f3n:<\/p>\n<p>- Fecha y hora de la \u00faltima vez que el Usuario visit\u00f3 la Web.<\/p>\n<p>- Dise\u00f1o de contenido que el Usuario eligi\u00f3 en su primera visita a la web.<\/p>\n<p>- Elementos de seguridad que intervienen en el control de acceso a las \u00e1reas restringidas.<\/p>\n<p>Informaci\u00f3n no personal almacenada autom\u00e1ticamente<\/p>\n<p>Cuando se accede a nuestra web, se puede recoger autom\u00e1ticamente (es decir, no a trav\u00e9s de registro) informaci\u00f3n que no es personalmente-identificable (por ejemplo, el tipo de navegador de Internet y el sistema operativo empleado; el nombre de dominio del sitio web de origen; el n\u00famero de visitas, tiempo medio de visita en nuestra web, p\u00e1ginas visitadas, etc.). Esta informaci\u00f3n es utilizada para medir el uso de nuestra p\u00e1gina web y mejorar su contenido.<\/p>\n<\/div>\n<\/div><\/div><\/div><\/div><\/div><\/div><\/div>","protected":false},"excerpt":{"rendered":"<p>En el marco del cumplimiento de la legislaci\u00f3n vigente, recogida en la Ley Org\u00e1nica 15\/1999, de 13 de diciembre, sobre Protecci\u00f3n de Datos de Car\u00e1cter Personal (LOPD) y del Real Decreto 1720\/2007, de 21 de diciembre de desarrollo de la <\/p>\n","protected":false},"author":2,"featured_media":0,"parent":0,"menu_order":0,"comment_status":"closed","ping_status":"closed","template":"","meta":{"_acf_changed":false,"_joinchat":[],"footnotes":""},"class_list":["post-1004","page","type-page","status-publish","hentry"],"acf":[],"_links":{"self":[{"href":"https:\/\/www.santalba.com\/en\/wp-json\/wp\/v2\/pages\/1004","targetHints":{"allow":["GET"]}}],"collection":[{"href":"https:\/\/www.santalba.com\/en\/wp-json\/wp\/v2\/pages"}],"about":[{"href":"https:\/\/www.santalba.com\/en\/wp-json\/wp\/v2\/types\/page"}],"author":[{"embeddable":true,"href":"https:\/\/www.santalba.com\/en\/wp-json\/wp\/v2\/users\/2"}],"replies":[{"embeddable":true,"href":"https:\/\/www.santalba.com\/en\/wp-json\/wp\/v2\/comments?post=1004"}],"version-history":[{"count":2,"href":"https:\/\/www.santalba.com\/en\/wp-json\/wp\/v2\/pages\/1004\/revisions"}],"predecessor-version":[{"id":1012,"href":"https:\/\/www.santalba.com\/en\/wp-json\/wp\/v2\/pages\/1004\/revisions\/1012"}],"wp:attachment":[{"href":"https:\/\/www.santalba.com\/en\/wp-json\/wp\/v2\/media?parent=1004"}],"curies":[{"name":"wp","href":"https:\/\/api.w.org\/{rel}","templated":true}]}}