{"id":996,"date":"2017-10-30T20:19:41","date_gmt":"2017-10-30T19:19:41","guid":{"rendered":"https:\/\/www.santalba.com\/?page_id=996"},"modified":"2017-10-30T20:24:10","modified_gmt":"2017-10-30T19:24:10","slug":"cookies-policy","status":"publish","type":"page","link":"https:\/\/www.santalba.com\/en\/cookies-policy","title":{"rendered":"Cookies policy"},"content":{"rendered":"<div id=\"pl-996\"  class=\"panel-layout\" ><div class=\"container\"><div class=\"row\"><div id=\"pg-996-0\"  class=\"panel-grid panel-no-style\" ><div id=\"pgc-996-0-0\"  class=\"panel-grid-cell\" ><div id=\"panel-996-0-0-0\" class=\"so-panel widget widget_sow-editor panel-first-child panel-last-child\" data-index=\"0\" ><div\n\t\t\t\n\t\t\tclass=\"so-widget-sow-editor so-widget-sow-editor-base\"\n\t\t\t\n\t\t>\n<div class=\"siteorigin-widget-tinymce textwidget\">\n\t<p>El sitio web www.santalba.com usa Cookies para mejorar y optimizar la experiencia del usuario. A continuaci\u00f3n le ampliaremos la informaci\u00f3n sobre la utilidad de las Cookies, para qu\u00e9 sirven, tipos de Cookies que se utilizan en www.santalba.com, c\u00f3mo desactivarlas en los diferentes navegadores y c\u00f3mo poder bloquear la instalaci\u00f3n de Cookies de terceros.<\/p>\n<h2>\u00bfQu\u00e9 son las Cookies?<\/h2>\n<p>Las Cookies son fragmentos de informaci\u00f3n que se almacenan en el navegador o en el dispositivo del usuario durante su navegaci\u00f3n por p\u00e1ginas o aplicaciones, con informaci\u00f3n sobre su visita. Se utilizan para:<\/p>\n<ul>\n<li>Confirmar el buen funcionamiento de las p\u00e1ginas web<\/li>\n<li>Memorizar las preferencias del usuario: idioma, tama\u00f1o de letra,...<\/li>\n<li>Estudiar la experiencia de uso al navegar por la web<\/li>\n<li>Recopilar datos estad\u00edsticos de manera an\u00f3nima sobre el uso de la web: p\u00e1ginas vistas, duraci\u00f3n de la visita,...<\/li>\n<\/ul>\n<p>Gracias a las Cookies es posible optimizar la navegaci\u00f3n de los usuarios, adaptando los contenidos y los servicios a sus intereses, de manera que cada vez su experiencia sea mejor. La web www.santalba.com utiliza cookies para funcionar, adaptar y mejorar la navegaci\u00f3n del usuario.<\/p>\n<p>Las Cookies se asocian a un usuario an\u00f3nimo y a su ordenador o dispositivo, sin acceder en ning\u00fan momento a informaci\u00f3n personal del usuario. A trav\u00e9s de la configuraci\u00f3n del navegador se podr\u00e1n realizar cambios en la instalaci\u00f3n de las Cookies que son enviadas a nuestra p\u00e1gina, sin bloquearse por ello el acceso a su contenido, aunque puede influir en la calidad del servicio.<\/p>\n<p>Por otro lado, en las comunicaciones a trav\u00e9s de herramientas de email marketing, se utilizan peque\u00f1as im\u00e1genes invisibles que sirven para detectar si el usuario ha abierto o no el email, en qu\u00e9 fecha, etc. y con estos datos se realizan estudios y se aplican mejoras en las comunicaciones.<\/p>\n<h2>\u00bfPor qu\u00e9 son importantes para una p\u00e1gina web?<\/h2>\n<ul>\n<li>T\u00e9cnicamente, las Cookies dan agilidad a las p\u00e1ginas web, ya que permiten adaptarse a las preferencias de los usuarios: idioma, moneda, pa\u00eds,...<\/li>\n<li>Aportan seguridad, al dificultar los ataques contra la web o sus usuarios<\/li>\n<li>Los datos estad\u00edsticos que ofrecen son muy importantes para los propietarios de la web, ya que permiten mejorar su calidad y su facilidad de uso.<\/li>\n<\/ul>\n<h2>\u00bfQu\u00e9 tipos de Cookies se utilizan en www.santalba.com?<\/h2>\n<ul>\n<li><strong>Cookies de sesi\u00f3n:<\/strong> Son cookies que se guardan s\u00f3lo durante la navegaci\u00f3n por la p\u00e1gina y una vez que se abandona estas cookies se borran y desaparecen del ordenador.<\/li>\n<li><strong>Cookies permanentes:<\/strong> Son cookies que estar\u00e1n activas hasta que finalice su funci\u00f3n concreta, y pueden expirar cuando sean borradas manualmente o cuando llegue su fecha de borrado. Por ejemplo, en los procesos de compra se utilizan, para no tener que insertar la contrase\u00f1a continuamente.<\/li>\n<\/ul>\n<p>Otra forma de clasificar las Cookies es en funci\u00f3n del sitio que las genere, pudiendo ser:<\/p>\n<ul>\n<li><strong>Cookies propias: <\/strong>Son Cookies generadas por nuestro sitio web y cuya funci\u00f3n es mejorar la calidad de la p\u00e1gina y ofrecer una \u00f3ptima experiencia de uso.<\/li>\n<li><strong>Cookies de terceros: <\/strong>Son Cookies generadas por otros dominios que no son de nuestra propiedad. No tenemos acceso a la informaci\u00f3n almacenada por ellos cuando se acceda a dichos sitios web (por ejemplo, redes sociales o v\u00eddeos).<\/li>\n<\/ul>\n<p>Navegar por este portal web supone que se puedan instalar los siguientes tipos de Cookies:<\/p>\n<p><strong>Cookies de rendimiento:<\/strong><\/p>\n<p>Son cookies que se utilizan para mejorar la experiencia de navegaci\u00f3n de los usuarios y optimizar el funcionamiento de la web. Almacenan configuraciones de servicios para que no se tengan que reconfigurar cada vez que se visite.<\/p>\n<p>Por ejemplo:<\/p>\n<ul>\n<li>Ajustes de volumen en reproducciones de v\u00eddeo o sonido.<\/li>\n<li>Velocidades de transmisi\u00f3n de v\u00eddeo \u00f3ptimas.<\/li>\n<li>Almacenar la compra realizada en un carrito de la compra.<\/li>\n<\/ul>\n<p><strong>Cookies de registro:<\/strong><\/p>\n<p>Se crean al registrarse un usuario o al iniciar sesi\u00f3n en la web.<\/p>\n<p>Sirven, por ejemplo, para:<\/p>\n<ul>\n<li>Mantener al usuario autenticado aunque se cierre el navegador y no tenga que volver a identificarse cuando vuelva a la web, a no ser que cierre sesi\u00f3n.<\/li>\n<\/ul>\n<p><strong>Cookies anal\u00edticas:<\/strong><\/p>\n<p>Recopilan informaci\u00f3n de la experiencia de navegaci\u00f3n del usuario en el sitio web de forma totalmente an\u00f3nima.<\/p>\n<p>Sirven, por ejemplo, para:<\/p>\n<ul>\n<li>Contabilizar las visitas a la p\u00e1gina o los contenidos m\u00e1s populares.<\/li>\n<li>Saber si los usuarios son nuevos y repiten vista.<\/li>\n<li>Conocer informaci\u00f3n que nos ayude a mejorar el servicio de la web y su navegaci\u00f3n.<\/li>\n<\/ul>\n<h2>\u00bfC\u00f3mo puedo configurar mis Cookies?<\/h2>\n<p>La navegaci\u00f3n por nuestra web supone por parte del usuario el consentimiento para el uso de las Cookies, en base a las condiciones que se marcan en la presente Pol\u00edtica de Cookies. Desde www.santalba.com se facilita el acceso a esta informaci\u00f3n en el momento en el que el usuario accede a la p\u00e1gina, permitiendo que el visitante pueda en cualquier momento borrar, bloquear o rechazar el uso de Cookies desde la configuraci\u00f3n de su navegador.<\/p>\n<p>Mediante la configuraci\u00f3n de su navegador web puede deshabilitar o bloquear las Cookies, e incluso rechazar la instalaci\u00f3n de algunas de ellas o de todas las Cookies. Se podr\u00e1 en la mayor\u00eda de navegadores, para que rechace la instalaci\u00f3n de Cookies autom\u00e1ticamente o para que avisen de su presencia. Aunque rechace la instalaci\u00f3n de Cookies, podr\u00e1 seguir navegando por www.santalba.com aunque esto limitar\u00e1 algunos servicios y empeorar\u00e1 la experiencia de uso de la web.<\/p>\n<p>En los siguientes enlaces se puede consultar la forma de modificar la configuraci\u00f3n para los distintos navegadores:<\/p>\n<p><strong>Internet Explorer\u2122 :<br \/>\n<\/strong><strong>Versi\u00f3n 5<br \/>\n<\/strong>http:\/\/support.microsoft.com\/kb\/196955\/es<\/p>\n<p><strong>Versi\u00f3n 6<\/strong><br \/>\nhttp:\/\/support.microsoft.com\/kb\/283185\/es<\/p>\n<p><strong>Versi\u00f3n 7 y 8<\/strong><br \/>\nhttp:\/\/windows.microsoft.com\/es-ES\/windows-vista\/Block-or-allow-cookies<\/p>\n<p><strong>Versi\u00f3n 9<br \/>\n<\/strong>http:\/\/windows.microsoft.com\/es-ES\/windows7\/How-to-manage-cookies-in-Internet-Explorer-9<\/p>\n<p><strong>Safari\u2122:<br \/>\n<\/strong>http:\/\/support.apple.com\/kb\/PH5042?viewlocale=es_ES<br \/>\nhttp:\/\/support.apple.com\/kb\/HT1677?viewlocale=es_ES<\/p>\n<p><strong>Google\u2122<\/strong><br \/>\nhttps:\/\/support.google.com\/chrome\/answer\/95647?hl=es&hlrm=en<\/p>\n<p><strong>Firefox\u2122:<\/strong><br \/>\nhttp:\/\/support.mozilla.org\/es\/kb\/cookies-informacion-que-los-sitios-web-guardan-en-?redirectlocale=en-US&redirectslug=Cookies<\/p>\n<p><strong>Opera\u2122 :<br \/>\n<\/strong>http:\/\/help.opera.com\/Windows\/11.50\/es-ES\/cookies.html<\/p>\n<p><strong>Android<\/strong><br \/>\nhttp:\/\/support.google.com\/android\/?hl=es<\/p>\n<p><strong>Windows Phone<\/strong><br \/>\nhttp:\/\/www.windowsphone.com\/es-ES\/how-to\/wp7\/web\/changing-privacy-and-other-browser-settings<\/p>\n<p><strong>Blackberry<\/strong><br \/>\nhttp:\/\/docs.blackberry.com\/en\/smartphone_users\/deliverables\/18578\/Turn_off_cookies_in_the_browser_60_1072866_11.jsp<\/p>\n<h2>Actualizaci\u00f3n de nuestra Pol\u00edtica de Cookies<\/h2>\n<p>La presente Pol\u00edtica de Cookies puede ser actualizada, por lo que recomendamos volver a acceder a esta p\u00e1gina para estar informado correctamente sobre las Cookies utilizadas.<\/p>\n<\/div>\n<\/div><\/div><\/div><\/div><\/div><\/div><\/div>","protected":false},"excerpt":{"rendered":"<p>El sitio web www.santalba.com usa Cookies para mejorar y optimizar la experiencia del usuario. A continuaci\u00f3n le ampliaremos la informaci\u00f3n sobre la utilidad de las Cookies, para qu\u00e9 sirven, tipos de Cookies que se utilizan en www.santalba.com, c\u00f3mo desactivarlas en <\/p>\n","protected":false},"author":2,"featured_media":0,"parent":0,"menu_order":0,"comment_status":"closed","ping_status":"closed","template":"","meta":{"_acf_changed":false,"_joinchat":[],"footnotes":""},"class_list":["post-996","page","type-page","status-publish","hentry"],"acf":[],"_links":{"self":[{"href":"https:\/\/www.santalba.com\/en\/wp-json\/wp\/v2\/pages\/996","targetHints":{"allow":["GET"]}}],"collection":[{"href":"https:\/\/www.santalba.com\/en\/wp-json\/wp\/v2\/pages"}],"about":[{"href":"https:\/\/www.santalba.com\/en\/wp-json\/wp\/v2\/types\/page"}],"author":[{"embeddable":true,"href":"https:\/\/www.santalba.com\/en\/wp-json\/wp\/v2\/users\/2"}],"replies":[{"embeddable":true,"href":"https:\/\/www.santalba.com\/en\/wp-json\/wp\/v2\/comments?post=996"}],"version-history":[{"count":3,"href":"https:\/\/www.santalba.com\/en\/wp-json\/wp\/v2\/pages\/996\/revisions"}],"predecessor-version":[{"id":1002,"href":"https:\/\/www.santalba.com\/en\/wp-json\/wp\/v2\/pages\/996\/revisions\/1002"}],"wp:attachment":[{"href":"https:\/\/www.santalba.com\/en\/wp-json\/wp\/v2\/media?parent=996"}],"curies":[{"name":"wp","href":"https:\/\/api.w.org\/{rel}","templated":true}]}}