{"id":1010,"date":"2017-10-30T20:26:59","date_gmt":"2017-10-30T19:26:59","guid":{"rendered":"https:\/\/www.santalba.com\/?page_id=1010"},"modified":"2017-10-30T20:27:46","modified_gmt":"2017-10-30T19:27:46","slug":"legal-advise","status":"publish","type":"page","link":"https:\/\/www.santalba.com\/zh-hans\/legal-advise","title":{"rendered":"Legal Advise"},"content":{"rendered":"<div id=\"pl-1010\"  class=\"panel-layout\" ><div class=\"container\"><div class=\"row\"><div id=\"pg-1010-0\"  class=\"panel-grid panel-no-style\" ><div id=\"pgc-1010-0-0\"  class=\"panel-grid-cell\" ><div id=\"panel-1010-0-0-0\" class=\"so-panel widget widget_sow-editor panel-first-child panel-last-child\" data-index=\"0\" ><div\n\t\t\t\n\t\t\tclass=\"so-widget-sow-editor so-widget-sow-editor-base\"\n\t\t\t\n\t\t>\n<div class=\"siteorigin-widget-tinymce textwidget\">\n\t<p>1. DATOS DE LA EMPRESA<\/p>\n<p>En cumplimiento de la Ley 34\/2002, de 11 de julio, de Servicios de la Sociedad de la Informaci\u00f3n y Comercio Electr\u00f3nico y de la posterior Ley 56\/2007, de 28 de diciembre, de Medidas de Impulso de la Sociedad de la Informaci\u00f3n, a continuaci\u00f3n se exponen los datos identificativos de la empresa:<\/p>\n<p>Titular de la p\u00e1gina web: Bodegas Santalba S.A.<br \/> CIF: A26266148<br \/> Domicilio Social: Avda. de La Rioja, s\/n 26221 Gimileo (La Rioja)<br \/> Tel\u00e9fono: 941304231<br \/> e-mail: santalba@santalba.com<\/p>\n<p>Datos Reg\u00edstrales:<\/p>\n<p>Inscrito el documento que precede, en el Registro Mercantil de La Rioja en el tomo 420 general, folio 208 hoja n\u00famero LO-5675, inscripci\u00f3n 1\u00aa.<\/p>\n<p>2. T\u00c9RMINOS Y CONDICIONES<\/p>\n<p>Los t\u00e9rminos y condiciones que m\u00e1s adelante se indican regulan el acceso y el uso a todas y cada una de las p\u00e1ginas web localizables bajo el dominio \"www.santalba.com\" y sus respectivos subdominios y subdirectorios (en lo sucesivo, el \"Sitio Web\"), propiedad de Bodegas Santalba S.A., en adelante SANTALBA, compa\u00f1\u00eda mercantil con domicilio social<\/p>\n<p>Por \u201cUsuario\u201d del Sitio Web se entiende tanto a los registrados en \u00e9l como a los visitantes del mismo.<\/p>\n<p>Aceptaci\u00f3n y conocimiento de los T\u00e9rminos y Condiciones<\/p>\n<p>Los presentes T\u00e9rminos y Condiciones tienen car\u00e1cter obligatorio y vinculante. El uso del Sitio Web implica el conocimiento y la aceptaci\u00f3n de ellos. Si usted no est\u00e1 de acuerdo con los citados T\u00e9rminos y Condiciones, deber\u00e1 abstenerse de utilizar el Sitio Web y\/o los servicios por \u00e9l ofrecidos.<\/p>\n<p>Modificaci\u00f3n de los T\u00e9rminos y Condiciones y del contenido<\/p>\n<p>BODEGAS SANTALBA se reserva el derecho de modificar los T\u00e9rminos y Condiciones en cualquier momento, haci\u00e9ndose efectivos en el momento de publicar dicha modificaci\u00f3n. Para ser miembro de BODEGAS SANTALBA debes leer y aceptar estos T\u00e9rminos y Condiciones en su versi\u00f3n actual.<\/p>\n<p>BODEGAS SANTALBA se reserva el derecho de editar, modificar, suspender, eliminar o finalizar el contenido del Sitio Web, incluyendo todo o parte, sin necesidad de aviso previo, as\u00ed como de modificar la forma o tipo de acceso.<\/p>\n<p>Informaci\u00f3n sobre los links<\/p>\n<p>BODEGAS SANTALBA no se hace responsable de las webs no propias a las que se puede acceder mediante v\u00ednculos \u201clinks\u201d o de cualquier contenido puesto a disposici\u00f3n por terceros.<\/p>\n<p>Cualquier uso de un v\u00ednculo o acceso a una web no propia se considera realizado voluntariamente, por cuenta y riesgo exclusivo del Usuario. BODEGAS SANTALBA no recomienda ni garantiza ninguna informaci\u00f3n obtenida a trav\u00e9s de un v\u00ednculo ajeno a la web de BODEGAS SANTALBA ni se responsabiliza de ninguna p\u00e9rdida, reclamaci\u00f3n o perjuicio derivada del uso o mal uso de un v\u00ednculo, o de la informaci\u00f3n obtenida a trav\u00e9s de \u00e9l, incluyendo otros v\u00ednculos o webs, de la interrupci\u00f3n en el servicio o en el acceso, o del intento de usar o usar mal un v\u00ednculo, tanto al conectar a la Web de BODEGAS SANTALBA como al acceder a la informaci\u00f3n de otras webs desde la Web de BODEGAS SANTALBA .<\/p>\n<p>Propiedad Intelectual:<\/p>\n<p>Los contenidos suministrados por BODEGAS SANTALBA est\u00e1n sujetos a los derechos de propiedad intelectual e industrial y son titularidad exclusiva de la propiedad de SANTALBA, o de las personas f\u00edsicas o jur\u00eddicas de que se informe. Mediante la adquisici\u00f3n de un servicio, BODEGAS SANTALBA no confiere al adquirente ning\u00fan derecho de alteraci\u00f3n, explotaci\u00f3n, reproducci\u00f3n, distribuci\u00f3n o comunicaci\u00f3n p\u00fablica sobre el mismo, reserv\u00e1ndose BODEGAS SANTALBA todos estos derechos. La cesi\u00f3n de los citados derechos precisar\u00e1 del previo consentimiento por escrito de la propiedad de SANTALBA. El Cliente no podr\u00e1 poner a disposici\u00f3n de terceras personas dichos contenidos.<\/p>\n<p>Menores de edad<\/p>\n<p>Para hacer uso de los Servicios del Sitio Web los menores de edad deben obtener previamente permiso de sus padres, tutores o representantes legales, quienes ser\u00e1n considerados responsables de todos los actos realizados por los menores a su cargo.<\/p>\n<p>Interrupci\u00f3n del Servicio \u2013 Exclusi\u00f3n de responsabilidad.<\/p>\n<p>BODEGAS SANTALBA se reserva el derecho de interrumpir, suspender o modificar en cualquier momento los servicios ofrecidos en el presente Sitio Web, ya sea en forma permanente o transitoria. No se requerir\u00e1 la conformidad de los Usuarios, ni ser\u00e1 necesario aviso previo alguno.<\/p>\n<p>Asimismo, BODEGAS SANTALBA no garantiza el acceso o uso permanente del Sitio Web, ya que \u00e9ste podr\u00eda interrumpirse por cuestiones t\u00e9cnicas ajenas a BODEGAS SANTALBA .<\/p>\n<p>BODEGAS SANTALBA no garantiza que el Sitio Web se encuentre libre de virus, gusanos o cualquier otro elemento que pueda llegar a da\u00f1ar o alterar el normal funcionamiento de un ordenador. Es responsabilidad y obligaci\u00f3n exclusiva del Usuario contar con las herramientas adecuadas para detectar, desinfectar y\/o prevenir cualquier tipo de elementos y\/o posibles da\u00f1os de esta naturaleza.<\/p>\n<p>BODEGAS SANTALBA no se responsabiliza por cualquier da\u00f1o que pueda producirse en los equipos inform\u00e1ticos de los Usuarios o de terceros como consecuencia de la navegaci\u00f3n en el presente Sitio Web.<\/p>\n<p>Veracidad de la informaci\u00f3n<\/p>\n<p>Toda la informaci\u00f3n que facilite el Usuario para ser publicada en el Sitio Web a trav\u00e9s de sus diferentes servicios, deber\u00e1 ser veraz, exacta, responsable y en ning\u00fan caso en nombre de terceros. A estos efectos, el Usuario garantiza la autenticidad de todos aquellos datos que comunique como consecuencia de la cumplimentaci\u00f3n de los formularios necesarios para la suscripci\u00f3n de los Servicios. De igual forma, ser\u00e1 responsabilidad del Usuario mantener toda la informaci\u00f3n facilitada a BODEGAS SANTALBA permanentemente actualizada de forma que responda en cada momento a la situaci\u00f3n real del Usuario. En todo caso, el Usuario ser\u00e1 el \u00fanico responsable de las manifestaciones falsas o inexactas que realice y de los perjuicios que pueda originar a BODEGAS SANTALBA o a terceros por la informaci\u00f3n que facilite.<\/p>\n<p>Obligaci\u00f3n de hacer un uso correcto del Sitio Web y de los Servicios<\/p>\n<p>El Usuario se compromete a utilizar el Sitio Web y sus Servicios de conformidad con la ley, el presente Aviso Legal, las Condiciones Particulares de ciertos Servicios y dem\u00e1s reglamentos de uso e instrucciones puestos en su conocimiento, as\u00ed como con la moral y las buenas costumbres generalmente aceptadas y el orden p\u00fablico.<\/p>\n<p>A tal efecto, el Usuario se abstendr\u00e1 de utilizar cualquiera de los Servicios con fines o efectos il\u00edcitos, lesivos de los derechos e intereses de terceros, o que de cualquier forma puedan da\u00f1ar, inutilizar, sobrecargar, deteriorar o impedir la normal utilizaci\u00f3n de los Servicios, los equipos inform\u00e1ticos o los documentos, archivos y toda clase de contenidos almacenados en cualquier equipo inform\u00e1tico de BODEGAS SANTALBA , de otros Usuarios o de cualquier usuario de Internet.<\/p>\n<p>En particular, y a t\u00edtulo meramente indicativo y no exhaustivo, el Usuario se compromete a no transmitir, difundir o poner a disposici\u00f3n de terceros informaciones, datos, contenidos, mensajes, gr\u00e1ficos, dibujos, archivos de sonido y\/o imagen, fotograf\u00edas, grabaciones, software y, en general, cualquier clase de material que:<\/p>\n<p>(a) de cualquier forma sea contrario, menosprecie o atente contra los derechos fundamentales y las libertades p\u00fablicas reconocidas constitucionalmente, en los Tratados internacionales y en el resto de la legislaci\u00f3n;<\/p>\n<p>(b) induzca, incite o promueva actuaciones delictivas, denigratorias, difamatorias, infamantes, violentas o, en general, contrarias a la ley, a la moral y buenas costumbres generalmente aceptadas o al orden p\u00fablico;<\/p>\n<p>(c) induzca, incite o promueva actuaciones, actitudes o pensamientos discriminatorios por raz\u00f3n de sexo, raza, religi\u00f3n, creencias, edad o condici\u00f3n;<\/p>\n<p>(d) incorpore, ponga a disposici\u00f3n o permita acceder a productos, elementos, mensajes y\/o servicios delictivos, violentos, ofensivos, nocivos, degradantes o, en general, contrarios a la ley, a la moral y a las buenas costumbres generalmente aceptadas o al orden p\u00fablico;<\/p>\n<p>(e) induzca o pueda inducir a un estado inaceptable de ansiedad o temor;<\/p>\n<p>(f) induzca o incite a involucrarse en pr\u00e1cticas peligrosas, de riesgo o nocivas para la salud y el equilibrio ps\u00edquico;<\/p>\n<p>(g) sea falso, ambiguo, inexacto, exagerado o extempor\u00e1neo, de forma que induzca o pueda inducir a error sobre su objeto o sobre las intenciones o prop\u00f3sitos del comunicante;<\/p>\n<p>(h) se encuentre protegido por cualesquiera derechos de propiedad intelectual o industrial pertenecientes a terceros, sin que el Usuario haya obtenido previamente de sus titulares la autorizaci\u00f3n necesaria para llevar a cabo el uso que efect\u00faa o pretende efectuar;<\/p>\n<p>(j) sea contrario al derecho al honor, a la intimidad personal y familiar o a la propia imagen de las personas;<\/p>\n<p>(k) de cualquier manera menoscabe el cr\u00e9dito de BODEGAS SANTALBA o de terceros;<\/p>\n<p>(l) infrinja la normativa sobre secreto de las comunicaciones;<\/p>\n<p>(m) constituya, en su caso, publicidad il\u00edcita, enga\u00f1osa o desleal y, en general, que constituya competencia desleal;<\/p>\n<p>(n) publicite u ofrezca bienes o servicios con prop\u00f3sitos comerciales, sin contar con el consentimiento expreso y aprobaci\u00f3n de BODEGAS SANTALBA .<\/p>\n<p>(o) incorpore virus u otros elementos f\u00edsicos o electr\u00f3nicos que puedan da\u00f1ar o impedir el normal funcionamiento de la red, del sistema o de equipos inform\u00e1ticos (hardware y software) de BODEGAS SANTALBA o de terceros o que puedan da\u00f1ar los documentos electr\u00f3nicos y archivos almacenados en dichos equipos inform\u00e1ticos;<\/p>\n<p>(p) provoque por sus caracter\u00edsticas (tales como formato, extensi\u00f3n, etc.) dificultades en el normal funcionamiento del Servicio;<\/p>\n<p>Obligaci\u00f3n de hacer un uso correcto de los Contenidos<\/p>\n<p>El Usuario se compromete a utilizar los contenidos puestos a disposici\u00f3n de los Usuarios en el Sitio Web, entendiendo por \u00e9stos, sin que esta enumeraci\u00f3n tenga car\u00e1cter limitativo, los textos, fotograf\u00edas, gr\u00e1ficos, im\u00e1genes, iconos, tecnolog\u00eda, software, links y dem\u00e1s contenidos audiovisuales o sonoros, as\u00ed como su dise\u00f1o gr\u00e1fico y c\u00f3digos fuente (en adelante, los \"Contenidos\"), de conformidad con la ley, as\u00ed como con la moral y las buenas costumbres generalmente aceptadas y el orden p\u00fablico, y, en particular, se compromete a abstenerse de:<\/p>\n<p>(a) reproducir, copiar, distribuir, poner a disposici\u00f3n o de cualquier otra forma comunicar p\u00fablicamente, transformar o modificar los Contenidos, a menos que se cuente con la autorizaci\u00f3n del titular de los correspondientes derechos o ello resulte legalmente permitido;<\/p>\n<p>(b) suprimir, manipular o de cualquier forma alterar el \"copyright\" y dem\u00e1s datos identificativos de la reserva de derechos de BODEGAS SANTALBA o de sus titulares, de las huellas digitales o de cualesquiera otros medios t\u00e9cnicos establecidos para su reconocimiento.<\/p>\n<p>El Usuario deber\u00e1 abstenerse de obtener e incluso de intentar obtener los Contenidos empleando para ello medios o procedimientos distintos de los que, seg\u00fan los casos, se hayan puesto a su disposici\u00f3n a este efecto o se hayan indicado a este efecto en las p\u00e1ginas web donde se encuentren los Contenidos o, en general, de los que se empleen habitualmente en Internet a este efecto, siempre que no entra\u00f1en un riesgo de da\u00f1o o inutilizaci\u00f3n del Sitio Web, de los Servicios y\/o de los Contenidos.<\/p>\n<p>Propiedad intelectual<\/p>\n<p>El c\u00f3digo fuente, los dise\u00f1os gr\u00e1ficos, las im\u00e1genes, las fotograf\u00edas, los sonidos, las animaciones, el software, los textos, as\u00ed como la informaci\u00f3n y los contenidos que se recogen en el Sitio Web est\u00e1n protegidos por la legislaci\u00f3n espa\u00f1ola sobre los derechos de propiedad intelectual e industrial a favor de BODEGAS SANTALBA y no se permite la reproducci\u00f3n y\/o publicaci\u00f3n, total o parcial, del sitio web, ni su tratamiento inform\u00e1tico, su distribuci\u00f3n, difusi\u00f3n, modificaci\u00f3n, transformaci\u00f3n o descompilaci\u00f3n, ni dem\u00e1s derechos reconocidos legalmente a su titular, sin el permiso previo y por escrito de BODEGAS SANTALBA .<\/p>\n<p>El Usuario que visite la p\u00e1gina, \u00fanica y exclusivamente puede utilizar el material que aparezca en este sitio web para su uso personal y privado, quedando prohibido su uso con fines comerciales o para incurrir en actividades il\u00edcitas. Todos los derechos derivados de la propiedad intelectual est\u00e1n expresamente reservados por BODEGAS SANTALBA .<\/p>\n<p>BODEGAS SANTALBA velar\u00e1 por el cumplimiento de las anteriores condiciones, as\u00ed como por la debida utilizaci\u00f3n de los contenidos presentados en sus p\u00e1ginas web, ejercitando todas las acciones civiles y penales que le correspondan en el caso de infracci\u00f3n o incumplimiento de estos derechos por parte del Usuario.<\/p>\n<p>Renuncia y limitaci\u00f3n de la responsabilidad<\/p>\n<p>La informaci\u00f3n y servicios incluidos o disponibles a trav\u00e9s de las p\u00e1ginas del sitio web pueden incluir incorrecciones o errores tipogr\u00e1ficos. De forma peri\u00f3dica se incorporan cambios a la informaci\u00f3n contenida. El responsable puede introducir en cualquier momento mejoras y\/o cambios en los servicios o contenidos.<\/p>\n<p>El responsable ha obtenido la informaci\u00f3n y los materiales incluidos en la web de fuentes consideradas como fiables, pero, si bien se han tomado las medidas correspondientes para asegurar que la informaci\u00f3n contenida sea correcta, no garantiza que sea exacta y actualizada.<\/p>\n<p>Tambi\u00e9n se advierte que los contenidos de esta Web tienen una finalidad informativa en cuanto a calidad, situaci\u00f3n, servicios y tarifas.<\/p>\n<p>Abusos<\/p>\n<p>Si en alg\u00fan momento te sientes amenazado o agredido por otro usuario del Sitio Web o crees que un usuario ha vulnerado estos T\u00e9rminos y Condiciones, es importante que lo comuniques a BODEGAS SANTALBA evaluar\u00e1 la cuesti\u00f3n y, en su caso, adoptar\u00e1 las medidas oportunas si procede.<\/p>\n<\/div>\n<\/div><\/div><\/div><\/div><\/div><\/div><\/div>","protected":false},"excerpt":{"rendered":"<p>1. DATOS DE LA EMPRESAEn cumplimiento de <\/p>\n","protected":false},"author":2,"featured_media":0,"parent":0,"menu_order":0,"comment_status":"closed","ping_status":"closed","template":"","meta":{"_acf_changed":false,"_joinchat":[],"footnotes":""},"class_list":["post-1010","page","type-page","status-publish","hentry"],"acf":[],"_links":{"self":[{"href":"https:\/\/www.santalba.com\/zh-hans\/wp-json\/wp\/v2\/pages\/1010","targetHints":{"allow":["GET"]}}],"collection":[{"href":"https:\/\/www.santalba.com\/zh-hans\/wp-json\/wp\/v2\/pages"}],"about":[{"href":"https:\/\/www.santalba.com\/zh-hans\/wp-json\/wp\/v2\/types\/page"}],"author":[{"embeddable":true,"href":"https:\/\/www.santalba.com\/zh-hans\/wp-json\/wp\/v2\/users\/2"}],"replies":[{"embeddable":true,"href":"https:\/\/www.santalba.com\/zh-hans\/wp-json\/wp\/v2\/comments?post=1010"}],"version-history":[{"count":2,"href":"https:\/\/www.santalba.com\/zh-hans\/wp-json\/wp\/v2\/pages\/1010\/revisions"}],"predecessor-version":[{"id":1017,"href":"https:\/\/www.santalba.com\/zh-hans\/wp-json\/wp\/v2\/pages\/1010\/revisions\/1017"}],"wp:attachment":[{"href":"https:\/\/www.santalba.com\/zh-hans\/wp-json\/wp\/v2\/media?parent=1010"}],"curies":[{"name":"wp","href":"https:\/\/api.w.org\/{rel}","templated":true}]}}