{"id":361,"date":"2016-09-19T12:23:58","date_gmt":"2016-09-19T10:23:58","guid":{"rendered":"https:\/\/www.santalba.com\/visits-2"},"modified":"2019-02-24T17:53:06","modified_gmt":"2019-02-24T16:53:06","slug":"%e9%85%92%e5%ba%84%e4%b9%8b%e6%97%85","status":"publish","type":"page","link":"https:\/\/www.santalba.com\/zh-hans\/%e9%85%92%e5%ba%84%e4%b9%8b%e6%97%85","title":{"rendered":"\u9152\u5e84\u4e4b\u65c5"},"content":{"rendered":"<div id=\"pl-361\"  class=\"panel-layout\" ><div class=\"container\"><div class=\"row\"><div id=\"pg-361-0\"  class=\"panel-grid panel-no-style\" ><div id=\"pgc-361-0-0\"  class=\"panel-grid-cell\" ><div id=\"panel-361-0-0-0\" class=\"so-panel widget widget_sow-editor panel-first-child panel-last-child\" data-index=\"0\" ><div\n\t\t\t\n\t\t\tclass=\"so-widget-sow-editor so-widget-sow-editor-base\"\n\t\t\t\n\t\t>\n<div class=\"siteorigin-widget-tinymce textwidget\">\n\t<p>Venga a compartir con nosotros nuestras experiencias y conocimientos. <strong>Le abrimos las puertas de <em>nuestra casa<\/em><\/strong> para que profundice en el interesante mundo y cultura del vino.<\/p>\n<p>Nuestras tradiciones, los vi\u00f1edos y parajes m\u00e1s especiales de Rioja, las curiosidades propias de la elaboraci\u00f3n del vino y la hospitalidad de nuestra familia le har\u00e1 disfrutar de momentos inolvidables.<\/p>\n<p>Todos los d\u00edas estaremos a su disposici\u00f3n por lo que <strong>reserve previamente para consultar disponibilidad<\/strong>.<\/p>\n<p>Esperamos verle pronto en la bodega.<\/p>\n<\/div>\n<\/div><\/div><\/div><\/div><\/div><\/div><div class=\"container\"><div class=\"row\"><div id=\"pg-361-1\"  class=\"panel-grid panel-has-style\" ><div class=\"siteorigin-panels-stretch panel-row-style panel-row-style-for-361-1\" data-stretch-type=\"full\" ><div id=\"pgc-361-1-0\"  class=\"panel-grid-cell\" ><div id=\"panel-361-1-0-0\" class=\"so-panel widget panel-first-child panel-last-child\" data-index=\"1\" ><\/div><\/div><div id=\"pgc-361-1-1\"  class=\"panel-grid-cell\" ><div id=\"panel-361-1-1-0\" class=\"so-panel widget widget_text panel-first-child\" data-index=\"2\" >\t\t\t<div class=\"textwidget\"><iframe src=\"https:\/\/www.google.com\/maps\/embed?pb=!1m18!1m12!1m3!1d2992.871809120201!2d-2.818421684500321!3d42.549111979174775!2m3!1f0!2f0!3f0!3m2!1i1024!2i768!4f13.1!3m3!1m2!1s0xd4f8af8e995a535%3A0xca340d5ccce23cca!2sBodegas+SANTALBA!5e1!3m2!1ses!2ses!4v1482487348579\" frameborder=\"0\" style=\"border:0\" allowfullscreen><\/iframe><\/div>\n\t\t<\/div><div id=\"panel-361-1-1-1\" class=\"so-panel widget widget_sow-editor panel-last-child\" data-index=\"3\" ><div\n\t\t\t\n\t\t\tclass=\"so-widget-sow-editor so-widget-sow-editor-base\"\n\t\t\t\n\t\t>\n<div class=\"siteorigin-widget-tinymce textwidget\">\n\t<p>Avda. de La Rioja S\/N \u00b7 Gimileo \u2022 La Rioja \u00b7 \u897f\u73ed\u7259<br \/>\nTel:+34 941 304 231 \u2022 FAX:+34 941 304 326<br \/>\n<a href=\"mailto:santalba@santalba.com\">santalba@santalba.com<\/a><\/p>\n<\/div>\n<\/div><\/div><\/div><\/div><\/div><\/div><\/div><div class=\"row row-full\"><div id=\"pg-361-2\"  class=\"panel-grid panel-no-style\" ><div id=\"pgc-361-2-0\"  class=\"panel-grid-cell\" ><div id=\"panel-361-2-0-0\" class=\"so-panel widget widget_sow-image panel-first-child panel-last-child\" data-index=\"4\" ><div\n\t\t\t\n\t\t\tclass=\"so-widget-sow-image so-widget-sow-image-default-8b5b6f678277-361\"\n\t\t\t\n\t\t>\n<div class=\"sow-image-container\">\n\t\t<img \n\tsrc=\"https:\/\/www.santalba.com\/wp-content\/uploads\/bodegas-santalba.jpg\" width=\"1900\" height=\"595\" srcset=\"https:\/\/www.santalba.com\/wp-content\/uploads\/bodegas-santalba.jpg 1900w, https:\/\/www.santalba.com\/wp-content\/uploads\/bodegas-santalba-300x94.jpg 300w, https:\/\/www.santalba.com\/wp-content\/uploads\/bodegas-santalba-1024x321.jpg 1024w\" sizes=\"(max-width: 1900px) 100vw, 1900px\" title=\"\u9152\u5382\u7684\u5916\u89c2\" alt=\"\u9152\u5382\u7684\u5916\u89c2\" \t\tclass=\"so-widget-image\"\/>\n\t<\/div>\n\n<\/div><\/div><\/div><\/div><\/div><\/div>","protected":false},"excerpt":{"rendered":"<p>Venga a compartir con nosotros nuestras  <\/p>\n","protected":false},"author":2,"featured_media":0,"parent":0,"menu_order":0,"comment_status":"closed","ping_status":"closed","template":"","meta":{"_acf_changed":false,"_joinchat":[],"footnotes":""},"class_list":["post-361","page","type-page","status-publish","hentry"],"acf":[],"_links":{"self":[{"href":"https:\/\/www.santalba.com\/zh-hans\/wp-json\/wp\/v2\/pages\/361","targetHints":{"allow":["GET"]}}],"collection":[{"href":"https:\/\/www.santalba.com\/zh-hans\/wp-json\/wp\/v2\/pages"}],"about":[{"href":"https:\/\/www.santalba.com\/zh-hans\/wp-json\/wp\/v2\/types\/page"}],"author":[{"embeddable":true,"href":"https:\/\/www.santalba.com\/zh-hans\/wp-json\/wp\/v2\/users\/2"}],"replies":[{"embeddable":true,"href":"https:\/\/www.santalba.com\/zh-hans\/wp-json\/wp\/v2\/comments?post=361"}],"version-history":[{"count":8,"href":"https:\/\/www.santalba.com\/zh-hans\/wp-json\/wp\/v2\/pages\/361\/revisions"}],"predecessor-version":[{"id":1605,"href":"https:\/\/www.santalba.com\/zh-hans\/wp-json\/wp\/v2\/pages\/361\/revisions\/1605"}],"wp:attachment":[{"href":"https:\/\/www.santalba.com\/zh-hans\/wp-json\/wp\/v2\/media?parent=361"}],"curies":[{"name":"wp","href":"https:\/\/api.w.org\/{rel}","templated":true}]}}